{"id":3990,"date":"2022-01-24T03:20:45","date_gmt":"2022-01-24T03:20:45","guid":{"rendered":"https:\/\/cantaroinstitute.org\/es\/?page_id=3990"},"modified":"2022-01-24T03:33:38","modified_gmt":"2022-01-24T03:33:38","slug":"donativos","status":"publish","type":"page","link":"https:\/\/cantaroinstitute.org\/es\/contact-us\/donativos\/","title":{"rendered":"Donar"},"content":{"rendered":"\t\t<div data-elementor-type=\"wp-post\" data-elementor-id=\"3990\" class=\"elementor elementor-3990\">\n\t\t\t\t\t\t<section class=\"elementor-section elementor-top-section elementor-element elementor-element-75efdf0 elementor-section-boxed elementor-section-height-default elementor-section-height-default\" data-id=\"75efdf0\" data-element_type=\"section\" data-e-type=\"section\">\n\t\t\t\t\t\t<div class=\"elementor-container elementor-column-gap-default\">\n\t\t\t\t\t<div class=\"elementor-column elementor-col-100 elementor-top-column elementor-element elementor-element-ed5a584\" data-id=\"ed5a584\" data-element_type=\"column\" data-e-type=\"column\">\n\t\t\t<div class=\"elementor-widget-wrap elementor-element-populated\">\n\t\t\t\t\t\t<div class=\"elementor-element elementor-element-cdf17a3 elementor-widget elementor-widget-image\" data-id=\"cdf17a3\" data-element_type=\"widget\" data-e-type=\"widget\" data-widget_type=\"image.default\">\n\t\t\t\t<div class=\"elementor-widget-container\">\n\t\t\t\t\t\t\t\t\t\t\t\t\t\t\t<img fetchpriority=\"high\" decoding=\"async\" width=\"2560\" height=\"375\" src=\"https:\/\/i0.wp.com\/cantaroinstitute.org\/es\/wp-content\/uploads\/2020\/08\/Page-Headers-scaled.jpg?fit=2560%2C375&amp;ssl=1\" class=\"attachment-full size-full wp-image-3304\" alt=\"\" srcset=\"https:\/\/i0.wp.com\/cantaroinstitute.org\/es\/wp-content\/uploads\/2020\/08\/Page-Headers-scaled.jpg?w=2560&amp;ssl=1 2560w, https:\/\/i0.wp.com\/cantaroinstitute.org\/es\/wp-content\/uploads\/2020\/08\/Page-Headers-scaled.jpg?resize=300%2C44&amp;ssl=1 300w, https:\/\/i0.wp.com\/cantaroinstitute.org\/es\/wp-content\/uploads\/2020\/08\/Page-Headers-scaled.jpg?resize=1024%2C150&amp;ssl=1 1024w, https:\/\/i0.wp.com\/cantaroinstitute.org\/es\/wp-content\/uploads\/2020\/08\/Page-Headers-scaled.jpg?resize=768%2C112&amp;ssl=1 768w, https:\/\/i0.wp.com\/cantaroinstitute.org\/es\/wp-content\/uploads\/2020\/08\/Page-Headers-scaled.jpg?resize=1536%2C225&amp;ssl=1 1536w, https:\/\/i0.wp.com\/cantaroinstitute.org\/es\/wp-content\/uploads\/2020\/08\/Page-Headers-scaled.jpg?resize=2048%2C300&amp;ssl=1 2048w, https:\/\/i0.wp.com\/cantaroinstitute.org\/es\/wp-content\/uploads\/2020\/08\/Page-Headers-scaled.jpg?w=2400&amp;ssl=1 2400w\" sizes=\"(max-width: 1200px) 100vw, 1200px\" \/>\t\t\t\t\t\t\t\t\t\t\t\t\t\t\t<\/div>\n\t\t\t\t<\/div>\n\t\t\t\t<div class=\"elementor-element elementor-element-875313a elementor-widget elementor-widget-heading\" data-id=\"875313a\" data-element_type=\"widget\" data-e-type=\"widget\" data-widget_type=\"heading.default\">\n\t\t\t\t<div class=\"elementor-widget-container\">\n\t\t\t\t\t<h2 class=\"elementor-heading-title elementor-size-default\">Donativos<\/h2>\t\t\t\t<\/div>\n\t\t\t\t<\/div>\n\t\t\t\t\t<\/div>\n\t\t<\/div>\n\t\t\t\t\t<\/div>\n\t\t<\/section>\n\t\t\t\t<section class=\"elementor-section elementor-top-section elementor-element elementor-element-95e6b35 elementor-section-boxed elementor-section-height-default elementor-section-height-default\" data-id=\"95e6b35\" data-element_type=\"section\" data-e-type=\"section\">\n\t\t\t\t\t\t<div class=\"elementor-container elementor-column-gap-default\">\n\t\t\t\t\t<div class=\"elementor-column elementor-col-50 elementor-top-column elementor-element elementor-element-e3ee8da\" data-id=\"e3ee8da\" data-element_type=\"column\" data-e-type=\"column\">\n\t\t\t<div class=\"elementor-widget-wrap elementor-element-populated\">\n\t\t\t\t\t\t<div class=\"elementor-element elementor-element-79a1d21 elementor-widget elementor-widget-video\" data-id=\"79a1d21\" data-element_type=\"widget\" data-e-type=\"widget\" data-settings=\"{&quot;youtube_url&quot;:&quot;https:\\\/\\\/www.youtube.com\\\/watch?v=GbXUU3hYbnQ&quot;,&quot;video_type&quot;:&quot;youtube&quot;,&quot;controls&quot;:&quot;yes&quot;}\" data-widget_type=\"video.default\">\n\t\t\t\t<div class=\"elementor-widget-container\">\n\t\t\t\t\t\t\t<div class=\"elementor-wrapper elementor-open-inline\">\n\t\t\t<div class=\"elementor-video\"><\/div>\t\t<\/div>\n\t\t\t\t\t\t<\/div>\n\t\t\t\t<\/div>\n\t\t\t\t\t<\/div>\n\t\t<\/div>\n\t\t\t\t<div class=\"elementor-column elementor-col-50 elementor-top-column elementor-element elementor-element-ebbcaee\" data-id=\"ebbcaee\" data-element_type=\"column\" data-e-type=\"column\">\n\t\t\t<div class=\"elementor-widget-wrap elementor-element-populated\">\n\t\t\t\t\t\t<div class=\"elementor-element elementor-element-ac25073 elementor-widget elementor-widget-text-editor\" data-id=\"ac25073\" data-element_type=\"widget\" data-e-type=\"widget\" data-widget_type=\"text-editor.default\">\n\t\t\t\t<div class=\"elementor-widget-container\">\n\t\t\t\t\t\t\t\t\t<p>Sus oraciones y donaciones apoyan nuestro ministerio e impactan vidas todos los d\u00edas. \u00bfTe unir\u00edas a nosotros mientras llevamos a tantas personas como podamos al m\u00e1ximo disfrute del tesoro m\u00e1s grande del mundo?<\/p>\t\t\t\t\t\t\t\t<\/div>\n\t\t\t\t<\/div>\n\t\t\t\t<div class=\"elementor-element elementor-element-b875f56 elementor-widget elementor-widget-button\" data-id=\"b875f56\" data-element_type=\"widget\" data-e-type=\"widget\" data-widget_type=\"button.default\">\n\t\t\t\t<div class=\"elementor-widget-container\">\n\t\t\t\t\t\t\t\t\t<div class=\"elementor-button-wrapper\">\n\t\t\t\t\t<a class=\"elementor-button elementor-button-link elementor-size-sm\" href=\"https:\/\/www.canadahelps.org\/en\/charities\/cantaro-institute\/\">\n\t\t\t\t\t\t<span class=\"elementor-button-content-wrapper\">\n\t\t\t\t\t\t\t\t\t<span class=\"elementor-button-text\">Donar<\/span>\n\t\t\t\t\t<\/span>\n\t\t\t\t\t<\/a>\n\t\t\t\t<\/div>\n\t\t\t\t\t\t\t\t<\/div>\n\t\t\t\t<\/div>\n\t\t\t\t<div class=\"elementor-element elementor-element-ef744fe elementor-widget elementor-widget-image\" data-id=\"ef744fe\" data-element_type=\"widget\" data-e-type=\"widget\" data-widget_type=\"image.default\">\n\t\t\t\t<div class=\"elementor-widget-container\">\n\t\t\t\t\t\t\t\t\t\t\t\t\t\t\t<img decoding=\"async\" width=\"300\" height=\"183\" src=\"https:\/\/i0.wp.com\/cantaroinstitute.org\/es\/wp-content\/uploads\/2022\/01\/CanadaHelps.png?fit=300%2C183&amp;ssl=1\" class=\"attachment-medium size-medium wp-image-3995\" alt=\"\" srcset=\"https:\/\/i0.wp.com\/cantaroinstitute.org\/es\/wp-content\/uploads\/2022\/01\/CanadaHelps.png?w=1272&amp;ssl=1 1272w, https:\/\/i0.wp.com\/cantaroinstitute.org\/es\/wp-content\/uploads\/2022\/01\/CanadaHelps.png?resize=300%2C183&amp;ssl=1 300w, https:\/\/i0.wp.com\/cantaroinstitute.org\/es\/wp-content\/uploads\/2022\/01\/CanadaHelps.png?resize=1024%2C625&amp;ssl=1 1024w, https:\/\/i0.wp.com\/cantaroinstitute.org\/es\/wp-content\/uploads\/2022\/01\/CanadaHelps.png?resize=768%2C469&amp;ssl=1 768w\" sizes=\"(max-width: 300px) 100vw, 300px\" \/>\t\t\t\t\t\t\t\t\t\t\t\t\t\t\t<\/div>\n\t\t\t\t<\/div>\n\t\t\t\t\t<\/div>\n\t\t<\/div>\n\t\t\t\t\t<\/div>\n\t\t<\/section>\n\t\t\t\t<\/div>\n\t\t","protected":false},"excerpt":{"rendered":"<p>\t\t\t\t<![CDATA[]]>\t\t<\/p>\n","protected":false},"author":3,"featured_media":2631,"parent":2379,"menu_order":0,"comment_status":"closed","ping_status":"closed","template":"page-templates\/template-pagebuilder-full-width.php","meta":{"nf_dc_page":"","_eb_attr":"","om_disable_all_campaigns":false,"_monsterinsights_skip_tracking":false,"_monsterinsights_sitenote_active":false,"_monsterinsights_sitenote_note":"","_monsterinsights_sitenote_category":0,"neve_meta_sidebar":"","neve_meta_container":"","neve_meta_enable_content_width":"off","neve_meta_content_width":0,"neve_meta_title_alignment":"","neve_meta_author_avatar":"","neve_post_elements_order":"","neve_meta_disable_header":"","neve_meta_disable_footer":"","neve_meta_disable_title":"","neve_meta_reading_time":"","h5ap_radio_sources":[],"footnotes":""},"class_list":["post-3990","page","type-page","status-publish","has-post-thumbnail","hentry"],"aioseo_notices":[],"jetpack_sharing_enabled":true,"_links":{"self":[{"href":"https:\/\/cantaroinstitute.org\/es\/wp-json\/wp\/v2\/pages\/3990","targetHints":{"allow":["GET"]}}],"collection":[{"href":"https:\/\/cantaroinstitute.org\/es\/wp-json\/wp\/v2\/pages"}],"about":[{"href":"https:\/\/cantaroinstitute.org\/es\/wp-json\/wp\/v2\/types\/page"}],"author":[{"embeddable":true,"href":"https:\/\/cantaroinstitute.org\/es\/wp-json\/wp\/v2\/users\/3"}],"replies":[{"embeddable":true,"href":"https:\/\/cantaroinstitute.org\/es\/wp-json\/wp\/v2\/comments?post=3990"}],"version-history":[{"count":5,"href":"https:\/\/cantaroinstitute.org\/es\/wp-json\/wp\/v2\/pages\/3990\/revisions"}],"predecessor-version":[{"id":4001,"href":"https:\/\/cantaroinstitute.org\/es\/wp-json\/wp\/v2\/pages\/3990\/revisions\/4001"}],"up":[{"embeddable":true,"href":"https:\/\/cantaroinstitute.org\/es\/wp-json\/wp\/v2\/pages\/2379"}],"wp:featuredmedia":[{"embeddable":true,"href":"https:\/\/cantaroinstitute.org\/es\/wp-json\/"}],"wp:attachment":[{"href":"https:\/\/cantaroinstitute.org\/es\/wp-json\/wp\/v2\/media?parent=3990"}],"curies":[{"name":"wp","href":"https:\/\/api.w.org\/{rel}","templated":true}]}}