{"id":2453,"date":"2020-08-18T02:35:41","date_gmt":"2020-08-18T02:35:41","guid":{"rendered":"https:\/\/cantaroinstitute.org\/es\/?page_id=2"},"modified":"2023-06-30T01:24:23","modified_gmt":"2023-06-30T01:24:23","slug":"about-1","status":"publish","type":"page","link":"https:\/\/cantaroinstitute.org\/es\/about-1\/","title":{"rendered":"Nosotros"},"content":{"rendered":"\t\t<div data-elementor-type=\"wp-post\" data-elementor-id=\"2453\" class=\"elementor elementor-2453\">\n\t\t\t\t\t\t<section class=\"elementor-section elementor-top-section elementor-element elementor-element-0f07e92 elementor-section-boxed elementor-section-height-default elementor-section-height-default\" data-id=\"0f07e92\" data-element_type=\"section\" data-e-type=\"section\">\n\t\t\t\t\t\t<div class=\"elementor-container elementor-column-gap-default\">\n\t\t\t\t\t<div class=\"elementor-column elementor-col-100 elementor-top-column elementor-element elementor-element-1db545f\" data-id=\"1db545f\" data-element_type=\"column\" data-e-type=\"column\">\n\t\t\t<div class=\"elementor-widget-wrap elementor-element-populated\">\n\t\t\t\t\t\t<div class=\"elementor-element elementor-element-0cff934 elementor-widget elementor-widget-image\" data-id=\"0cff934\" data-element_type=\"widget\" data-e-type=\"widget\" data-widget_type=\"image.default\">\n\t\t\t\t<div class=\"elementor-widget-container\">\n\t\t\t\t\t\t\t\t\t\t\t\t\t\t\t<img fetchpriority=\"high\" decoding=\"async\" width=\"2560\" height=\"375\" src=\"https:\/\/i0.wp.com\/cantaroinstitute.org\/es\/wp-content\/uploads\/2020\/08\/Page-Headers-scaled.jpg?fit=2560%2C375&amp;ssl=1\" class=\"attachment-full size-full wp-image-3304\" alt=\"\" srcset=\"https:\/\/i0.wp.com\/cantaroinstitute.org\/es\/wp-content\/uploads\/2020\/08\/Page-Headers-scaled.jpg?w=2560&amp;ssl=1 2560w, https:\/\/i0.wp.com\/cantaroinstitute.org\/es\/wp-content\/uploads\/2020\/08\/Page-Headers-scaled.jpg?resize=300%2C44&amp;ssl=1 300w, https:\/\/i0.wp.com\/cantaroinstitute.org\/es\/wp-content\/uploads\/2020\/08\/Page-Headers-scaled.jpg?resize=1024%2C150&amp;ssl=1 1024w, https:\/\/i0.wp.com\/cantaroinstitute.org\/es\/wp-content\/uploads\/2020\/08\/Page-Headers-scaled.jpg?resize=768%2C112&amp;ssl=1 768w, https:\/\/i0.wp.com\/cantaroinstitute.org\/es\/wp-content\/uploads\/2020\/08\/Page-Headers-scaled.jpg?resize=1536%2C225&amp;ssl=1 1536w, https:\/\/i0.wp.com\/cantaroinstitute.org\/es\/wp-content\/uploads\/2020\/08\/Page-Headers-scaled.jpg?resize=2048%2C300&amp;ssl=1 2048w, https:\/\/i0.wp.com\/cantaroinstitute.org\/es\/wp-content\/uploads\/2020\/08\/Page-Headers-scaled.jpg?w=2400&amp;ssl=1 2400w\" sizes=\"(max-width: 1200px) 100vw, 1200px\" \/>\t\t\t\t\t\t\t\t\t\t\t\t\t\t\t<\/div>\n\t\t\t\t<\/div>\n\t\t\t\t<div class=\"elementor-element elementor-element-dcb99d4 elementor-widget elementor-widget-heading\" data-id=\"dcb99d4\" data-element_type=\"widget\" data-e-type=\"widget\" data-widget_type=\"heading.default\">\n\t\t\t\t<div class=\"elementor-widget-container\">\n\t\t\t\t\t<h2 class=\"elementor-heading-title elementor-size-default\">Sobre Nosotros<\/h2>\t\t\t\t<\/div>\n\t\t\t\t<\/div>\n\t\t\t\t<section class=\"elementor-section elementor-inner-section elementor-element elementor-element-f7ecd5e elementor-section-boxed elementor-section-height-default elementor-section-height-default\" data-id=\"f7ecd5e\" data-element_type=\"section\" data-e-type=\"section\">\n\t\t\t\t\t\t<div class=\"elementor-container elementor-column-gap-default\">\n\t\t\t\t\t<div class=\"elementor-column elementor-col-50 elementor-inner-column elementor-element elementor-element-cedbf2b\" data-id=\"cedbf2b\" data-element_type=\"column\" data-e-type=\"column\">\n\t\t\t<div class=\"elementor-widget-wrap elementor-element-populated\">\n\t\t\t\t\t\t<div class=\"elementor-element elementor-element-9ab6294 elementor-widget elementor-widget-image\" data-id=\"9ab6294\" data-element_type=\"widget\" data-e-type=\"widget\" data-widget_type=\"image.default\">\n\t\t\t\t<div class=\"elementor-widget-container\">\n\t\t\t\t\t\t\t\t\t\t\t\t\t\t\t<img decoding=\"async\" width=\"4322\" height=\"1500\" src=\"https:\/\/i0.wp.com\/cantaroinstitute.org\/es\/wp-content\/uploads\/2023\/06\/Cantaro-Institute-Logo-Wide-V2-2021.png?fit=4322%2C1500&amp;ssl=1\" class=\"attachment-full size-full wp-image-5178\" alt=\"\" srcset=\"https:\/\/i0.wp.com\/cantaroinstitute.org\/es\/wp-content\/uploads\/2023\/06\/Cantaro-Institute-Logo-Wide-V2-2021.png?w=4322&amp;ssl=1 4322w, https:\/\/i0.wp.com\/cantaroinstitute.org\/es\/wp-content\/uploads\/2023\/06\/Cantaro-Institute-Logo-Wide-V2-2021.png?resize=300%2C104&amp;ssl=1 300w, https:\/\/i0.wp.com\/cantaroinstitute.org\/es\/wp-content\/uploads\/2023\/06\/Cantaro-Institute-Logo-Wide-V2-2021.png?resize=1024%2C355&amp;ssl=1 1024w, https:\/\/i0.wp.com\/cantaroinstitute.org\/es\/wp-content\/uploads\/2023\/06\/Cantaro-Institute-Logo-Wide-V2-2021.png?resize=768%2C267&amp;ssl=1 768w, https:\/\/i0.wp.com\/cantaroinstitute.org\/es\/wp-content\/uploads\/2023\/06\/Cantaro-Institute-Logo-Wide-V2-2021.png?resize=1536%2C533&amp;ssl=1 1536w, https:\/\/i0.wp.com\/cantaroinstitute.org\/es\/wp-content\/uploads\/2023\/06\/Cantaro-Institute-Logo-Wide-V2-2021.png?resize=2048%2C711&amp;ssl=1 2048w, https:\/\/i0.wp.com\/cantaroinstitute.org\/es\/wp-content\/uploads\/2023\/06\/Cantaro-Institute-Logo-Wide-V2-2021.png?w=2400&amp;ssl=1 2400w, https:\/\/i0.wp.com\/cantaroinstitute.org\/es\/wp-content\/uploads\/2023\/06\/Cantaro-Institute-Logo-Wide-V2-2021.png?w=3600&amp;ssl=1 3600w\" sizes=\"(max-width: 1200px) 100vw, 1200px\" \/>\t\t\t\t\t\t\t\t\t\t\t\t\t\t\t<\/div>\n\t\t\t\t<\/div>\n\t\t\t\t\t<\/div>\n\t\t<\/div>\n\t\t\t\t<div class=\"elementor-column elementor-col-50 elementor-inner-column elementor-element elementor-element-9bca5b9\" data-id=\"9bca5b9\" data-element_type=\"column\" data-e-type=\"column\">\n\t\t\t<div class=\"elementor-widget-wrap elementor-element-populated\">\n\t\t\t\t\t\t<div class=\"elementor-element elementor-element-ee5f91d elementor-widget elementor-widget-text-editor\" data-id=\"ee5f91d\" data-element_type=\"widget\" data-e-type=\"widget\" data-widget_type=\"text-editor.default\">\n\t\t\t\t<div class=\"elementor-widget-container\">\n\t\t\t\t\t\t\t\t\t<h3><strong>C\u00e1ntaro Institute es comprometida con el avance de la cosmovisi\u00f3n cristiana para la reforma y renovaci\u00f3n de la iglesia y la cultura.<\/strong><\/h3><p>Como organizaci\u00f3n confesional, reconocemos la <span style=\"color: #ffcc00;\"><strong><a style=\"color: #ffcc00;\" href=\"https:\/\/www.the1689confession.com\/\">Segunda Confesi\u00f3n Bautista de Fe de Londres (1689)<\/a><\/strong><\/span>, probada por el tiempo, como un resumen fiel de nuestras convicciones b\u00edblicas.<\/p>\t\t\t\t\t\t\t\t<\/div>\n\t\t\t\t<\/div>\n\t\t\t\t\t<\/div>\n\t\t<\/div>\n\t\t\t\t\t<\/div>\n\t\t<\/section>\n\t\t\t\t\t<\/div>\n\t\t<\/div>\n\t\t\t\t\t<\/div>\n\t\t<\/section>\n\t\t\t\t<section class=\"elementor-section elementor-top-section elementor-element elementor-element-0eedbd9 elementor-section-boxed elementor-section-height-default elementor-section-height-default\" data-id=\"0eedbd9\" data-element_type=\"section\" data-e-type=\"section\" data-settings=\"{&quot;background_background&quot;:&quot;classic&quot;}\">\n\t\t\t\t\t\t<div class=\"elementor-container elementor-column-gap-default\">\n\t\t\t\t\t<div class=\"elementor-column elementor-col-33 elementor-top-column elementor-element elementor-element-2b0e1c5\" data-id=\"2b0e1c5\" data-element_type=\"column\" data-e-type=\"column\">\n\t\t\t<div class=\"elementor-widget-wrap elementor-element-populated\">\n\t\t\t\t\t\t<div class=\"elementor-element elementor-element-c23c008 elementor-widget elementor-widget-image\" data-id=\"c23c008\" data-element_type=\"widget\" data-e-type=\"widget\" data-widget_type=\"image.default\">\n\t\t\t\t<div class=\"elementor-widget-container\">\n\t\t\t\t\t\t\t\t\t\t\t\t\t\t\t\t<a href=\"https:\/\/cantaroinstitute.org\/es\/?page_id=15\">\n\t\t\t\t\t\t\t<img decoding=\"async\" width=\"768\" height=\"512\" src=\"https:\/\/i0.wp.com\/cantaroinstitute.org\/es\/wp-content\/uploads\/2020\/08\/pexels-regiane-tosatti-22823-scaled.jpg?fit=768%2C512&amp;ssl=1\" class=\"attachment-medium_large size-medium_large wp-image-3305\" alt=\"\" srcset=\"https:\/\/i0.wp.com\/cantaroinstitute.org\/es\/wp-content\/uploads\/2020\/08\/pexels-regiane-tosatti-22823-scaled.jpg?w=2560&amp;ssl=1 2560w, https:\/\/i0.wp.com\/cantaroinstitute.org\/es\/wp-content\/uploads\/2020\/08\/pexels-regiane-tosatti-22823-scaled.jpg?resize=300%2C200&amp;ssl=1 300w, https:\/\/i0.wp.com\/cantaroinstitute.org\/es\/wp-content\/uploads\/2020\/08\/pexels-regiane-tosatti-22823-scaled.jpg?resize=1024%2C683&amp;ssl=1 1024w, https:\/\/i0.wp.com\/cantaroinstitute.org\/es\/wp-content\/uploads\/2020\/08\/pexels-regiane-tosatti-22823-scaled.jpg?resize=768%2C512&amp;ssl=1 768w, https:\/\/i0.wp.com\/cantaroinstitute.org\/es\/wp-content\/uploads\/2020\/08\/pexels-regiane-tosatti-22823-scaled.jpg?resize=1536%2C1024&amp;ssl=1 1536w, https:\/\/i0.wp.com\/cantaroinstitute.org\/es\/wp-content\/uploads\/2020\/08\/pexels-regiane-tosatti-22823-scaled.jpg?resize=2048%2C1365&amp;ssl=1 2048w, https:\/\/i0.wp.com\/cantaroinstitute.org\/es\/wp-content\/uploads\/2020\/08\/pexels-regiane-tosatti-22823-scaled.jpg?resize=930%2C620&amp;ssl=1 930w, https:\/\/i0.wp.com\/cantaroinstitute.org\/es\/wp-content\/uploads\/2020\/08\/pexels-regiane-tosatti-22823-scaled.jpg?w=2400&amp;ssl=1 2400w\" sizes=\"(max-width: 768px) 100vw, 768px\" \/>\t\t\t\t\t\t\t\t<\/a>\n\t\t\t\t\t\t\t\t\t\t\t\t\t\t\t<\/div>\n\t\t\t\t<\/div>\n\t\t\t\t<div class=\"elementor-element elementor-element-936138b elementor-widget elementor-widget-text-editor\" data-id=\"936138b\" data-element_type=\"widget\" data-e-type=\"widget\" data-widget_type=\"text-editor.default\">\n\t\t\t\t<div class=\"elementor-widget-container\">\n\t\t\t\t\t\t\t\t\t<p><a href=\"https:\/\/cantaroinstitute.org\/es\/?page_id=15\"><strong>Misi\u00f3n y Visi\u00f3n<\/strong><\/a><\/p>\t\t\t\t\t\t\t\t<\/div>\n\t\t\t\t<\/div>\n\t\t\t\t<div class=\"elementor-element elementor-element-b7421d3 elementor-widget elementor-widget-image\" data-id=\"b7421d3\" data-element_type=\"widget\" data-e-type=\"widget\" data-widget_type=\"image.default\">\n\t\t\t\t<div class=\"elementor-widget-container\">\n\t\t\t\t\t\t\t\t\t\t\t\t\t\t\t\t<a href=\"https:\/\/cantaroinstitute.org\/es\/?page_id=2569\">\n\t\t\t\t\t\t\t<img loading=\"lazy\" decoding=\"async\" width=\"768\" height=\"512\" src=\"https:\/\/i0.wp.com\/cantaroinstitute.org\/es\/wp-content\/uploads\/2020\/08\/Cathedral.jpg?fit=768%2C512&amp;ssl=1\" class=\"attachment-medium_large size-medium_large wp-image-3309\" alt=\"\" srcset=\"https:\/\/i0.wp.com\/cantaroinstitute.org\/es\/wp-content\/uploads\/2020\/08\/Cathedral.jpg?w=1500&amp;ssl=1 1500w, https:\/\/i0.wp.com\/cantaroinstitute.org\/es\/wp-content\/uploads\/2020\/08\/Cathedral.jpg?resize=300%2C200&amp;ssl=1 300w, https:\/\/i0.wp.com\/cantaroinstitute.org\/es\/wp-content\/uploads\/2020\/08\/Cathedral.jpg?resize=1024%2C683&amp;ssl=1 1024w, https:\/\/i0.wp.com\/cantaroinstitute.org\/es\/wp-content\/uploads\/2020\/08\/Cathedral.jpg?resize=768%2C512&amp;ssl=1 768w, https:\/\/i0.wp.com\/cantaroinstitute.org\/es\/wp-content\/uploads\/2020\/08\/Cathedral.jpg?resize=930%2C620&amp;ssl=1 930w\" sizes=\"(max-width: 768px) 100vw, 768px\" \/>\t\t\t\t\t\t\t\t<\/a>\n\t\t\t\t\t\t\t\t\t\t\t\t\t\t\t<\/div>\n\t\t\t\t<\/div>\n\t\t\t\t<div class=\"elementor-element elementor-element-172aeaf elementor-widget elementor-widget-text-editor\" data-id=\"172aeaf\" data-element_type=\"widget\" data-e-type=\"widget\" data-widget_type=\"text-editor.default\">\n\t\t\t\t<div class=\"elementor-widget-container\">\n\t\t\t\t\t\t\t\t\t<p style=\"text-align: center;\"><a href=\"https:\/\/cantaroinstitute.org\/es\/?page_id=2569\"><strong>Declaraci\u00f3n Teol\u00f3gica<\/strong><\/a><\/p>\t\t\t\t\t\t\t\t<\/div>\n\t\t\t\t<\/div>\n\t\t\t\t\t<\/div>\n\t\t<\/div>\n\t\t\t\t<div class=\"elementor-column elementor-col-33 elementor-top-column elementor-element elementor-element-b7ee193\" data-id=\"b7ee193\" data-element_type=\"column\" data-e-type=\"column\">\n\t\t\t<div class=\"elementor-widget-wrap elementor-element-populated\">\n\t\t\t\t\t\t<div class=\"elementor-element elementor-element-a5eb3c9 elementor-widget elementor-widget-image\" data-id=\"a5eb3c9\" data-element_type=\"widget\" data-e-type=\"widget\" data-widget_type=\"image.default\">\n\t\t\t\t<div class=\"elementor-widget-container\">\n\t\t\t\t\t\t\t\t\t\t\t\t\t\t\t\t<a href=\"https:\/\/cantaroinstitute.org\/es\/?page_id=20\">\n\t\t\t\t\t\t\t<img loading=\"lazy\" decoding=\"async\" width=\"768\" height=\"512\" src=\"https:\/\/i0.wp.com\/cantaroinstitute.org\/es\/wp-content\/uploads\/2020\/08\/BibliadelOso2.jpg?fit=768%2C512&amp;ssl=1\" class=\"attachment-medium_large size-medium_large wp-image-3306\" alt=\"\" srcset=\"https:\/\/i0.wp.com\/cantaroinstitute.org\/es\/wp-content\/uploads\/2020\/08\/BibliadelOso2.jpg?w=1920&amp;ssl=1 1920w, https:\/\/i0.wp.com\/cantaroinstitute.org\/es\/wp-content\/uploads\/2020\/08\/BibliadelOso2.jpg?resize=300%2C200&amp;ssl=1 300w, https:\/\/i0.wp.com\/cantaroinstitute.org\/es\/wp-content\/uploads\/2020\/08\/BibliadelOso2.jpg?resize=1024%2C683&amp;ssl=1 1024w, https:\/\/i0.wp.com\/cantaroinstitute.org\/es\/wp-content\/uploads\/2020\/08\/BibliadelOso2.jpg?resize=768%2C512&amp;ssl=1 768w, https:\/\/i0.wp.com\/cantaroinstitute.org\/es\/wp-content\/uploads\/2020\/08\/BibliadelOso2.jpg?resize=1536%2C1024&amp;ssl=1 1536w, https:\/\/i0.wp.com\/cantaroinstitute.org\/es\/wp-content\/uploads\/2020\/08\/BibliadelOso2.jpg?resize=930%2C620&amp;ssl=1 930w\" sizes=\"(max-width: 768px) 100vw, 768px\" \/>\t\t\t\t\t\t\t\t<\/a>\n\t\t\t\t\t\t\t\t\t\t\t\t\t\t\t<\/div>\n\t\t\t\t<\/div>\n\t\t\t\t<div class=\"elementor-element elementor-element-1650e89 elementor-widget elementor-widget-text-editor\" data-id=\"1650e89\" data-element_type=\"widget\" data-e-type=\"widget\" data-widget_type=\"text-editor.default\">\n\t\t\t\t<div class=\"elementor-widget-container\">\n\t\t\t\t\t\t\t\t\t<p><a href=\"https:\/\/cantaroinstitute.org\/es\/?page_id=20\"><strong>Nuestra Tarea<\/strong><\/a><\/p>\t\t\t\t\t\t\t\t<\/div>\n\t\t\t\t<\/div>\n\t\t\t\t<div class=\"elementor-element elementor-element-a0dc489 elementor-widget elementor-widget-image\" data-id=\"a0dc489\" data-element_type=\"widget\" data-e-type=\"widget\" data-widget_type=\"image.default\">\n\t\t\t\t<div class=\"elementor-widget-container\">\n\t\t\t\t\t\t\t\t\t\t\t\t\t\t\t\t<a href=\"https:\/\/cantaroinstitute.org\/es\/?page_id=2726\">\n\t\t\t\t\t\t\t<img loading=\"lazy\" decoding=\"async\" width=\"768\" height=\"512\" src=\"https:\/\/i0.wp.com\/cantaroinstitute.org\/es\/wp-content\/uploads\/2020\/08\/Our-Partners.jpg?fit=768%2C512&amp;ssl=1\" class=\"attachment-medium_large size-medium_large wp-image-3310\" alt=\"\" srcset=\"https:\/\/i0.wp.com\/cantaroinstitute.org\/es\/wp-content\/uploads\/2020\/08\/Our-Partners.jpg?w=1500&amp;ssl=1 1500w, https:\/\/i0.wp.com\/cantaroinstitute.org\/es\/wp-content\/uploads\/2020\/08\/Our-Partners.jpg?resize=300%2C200&amp;ssl=1 300w, https:\/\/i0.wp.com\/cantaroinstitute.org\/es\/wp-content\/uploads\/2020\/08\/Our-Partners.jpg?resize=1024%2C683&amp;ssl=1 1024w, https:\/\/i0.wp.com\/cantaroinstitute.org\/es\/wp-content\/uploads\/2020\/08\/Our-Partners.jpg?resize=768%2C512&amp;ssl=1 768w, https:\/\/i0.wp.com\/cantaroinstitute.org\/es\/wp-content\/uploads\/2020\/08\/Our-Partners.jpg?resize=930%2C620&amp;ssl=1 930w\" sizes=\"(max-width: 768px) 100vw, 768px\" \/>\t\t\t\t\t\t\t\t<\/a>\n\t\t\t\t\t\t\t\t\t\t\t\t\t\t\t<\/div>\n\t\t\t\t<\/div>\n\t\t\t\t<div class=\"elementor-element elementor-element-4035ca4 elementor-widget elementor-widget-text-editor\" data-id=\"4035ca4\" data-element_type=\"widget\" data-e-type=\"widget\" data-widget_type=\"text-editor.default\">\n\t\t\t\t<div class=\"elementor-widget-container\">\n\t\t\t\t\t\t\t\t\t<p style=\"text-align: center;\"><a href=\"https:\/\/cantaroinstitute.org\/es\/?page_id=2726\"><strong>Nuestros Socios<\/strong><\/a><\/p>\t\t\t\t\t\t\t\t<\/div>\n\t\t\t\t<\/div>\n\t\t\t\t\t<\/div>\n\t\t<\/div>\n\t\t\t\t<div class=\"elementor-column elementor-col-33 elementor-top-column elementor-element elementor-element-74aed1d\" data-id=\"74aed1d\" data-element_type=\"column\" data-e-type=\"column\">\n\t\t\t<div class=\"elementor-widget-wrap elementor-element-populated\">\n\t\t\t\t\t\t<div class=\"elementor-element elementor-element-9dcb666 elementor-widget elementor-widget-image\" data-id=\"9dcb666\" data-element_type=\"widget\" data-e-type=\"widget\" data-widget_type=\"image.default\">\n\t\t\t\t<div class=\"elementor-widget-container\">\n\t\t\t\t\t\t\t\t\t\t\t\t\t\t\t\t<a href=\"https:\/\/cantaroinstitute.org\/es\/?page_id=2493\">\n\t\t\t\t\t\t\t<img loading=\"lazy\" decoding=\"async\" width=\"768\" height=\"512\" src=\"https:\/\/i0.wp.com\/cantaroinstitute.org\/es\/wp-content\/uploads\/2020\/08\/pexels-startup-stock-photos-7097-scaled.jpg?fit=768%2C512&amp;ssl=1\" class=\"attachment-medium_large size-medium_large wp-image-3308\" alt=\"\" srcset=\"https:\/\/i0.wp.com\/cantaroinstitute.org\/es\/wp-content\/uploads\/2020\/08\/pexels-startup-stock-photos-7097-scaled.jpg?w=2560&amp;ssl=1 2560w, https:\/\/i0.wp.com\/cantaroinstitute.org\/es\/wp-content\/uploads\/2020\/08\/pexels-startup-stock-photos-7097-scaled.jpg?resize=300%2C200&amp;ssl=1 300w, https:\/\/i0.wp.com\/cantaroinstitute.org\/es\/wp-content\/uploads\/2020\/08\/pexels-startup-stock-photos-7097-scaled.jpg?resize=1024%2C683&amp;ssl=1 1024w, https:\/\/i0.wp.com\/cantaroinstitute.org\/es\/wp-content\/uploads\/2020\/08\/pexels-startup-stock-photos-7097-scaled.jpg?resize=768%2C512&amp;ssl=1 768w, https:\/\/i0.wp.com\/cantaroinstitute.org\/es\/wp-content\/uploads\/2020\/08\/pexels-startup-stock-photos-7097-scaled.jpg?resize=1536%2C1024&amp;ssl=1 1536w, https:\/\/i0.wp.com\/cantaroinstitute.org\/es\/wp-content\/uploads\/2020\/08\/pexels-startup-stock-photos-7097-scaled.jpg?resize=2048%2C1365&amp;ssl=1 2048w, https:\/\/i0.wp.com\/cantaroinstitute.org\/es\/wp-content\/uploads\/2020\/08\/pexels-startup-stock-photos-7097-scaled.jpg?resize=930%2C620&amp;ssl=1 930w, https:\/\/i0.wp.com\/cantaroinstitute.org\/es\/wp-content\/uploads\/2020\/08\/pexels-startup-stock-photos-7097-scaled.jpg?w=2400&amp;ssl=1 2400w\" sizes=\"(max-width: 768px) 100vw, 768px\" \/>\t\t\t\t\t\t\t\t<\/a>\n\t\t\t\t\t\t\t\t\t\t\t\t\t\t\t<\/div>\n\t\t\t\t<\/div>\n\t\t\t\t<div class=\"elementor-element elementor-element-f0703a7 elementor-widget elementor-widget-text-editor\" data-id=\"f0703a7\" data-element_type=\"widget\" data-e-type=\"widget\" data-widget_type=\"text-editor.default\">\n\t\t\t\t<div class=\"elementor-widget-container\">\n\t\t\t\t\t\t\t\t\t<p><a href=\"https:\/\/cantaroinstitute.org\/es\/?page_id=2493\"><strong>Nuestro Equipo<\/strong><\/a><\/p>\t\t\t\t\t\t\t\t<\/div>\n\t\t\t\t<\/div>\n\t\t\t\t\t<\/div>\n\t\t<\/div>\n\t\t\t\t\t<\/div>\n\t\t<\/section>\n\t\t\t\t<\/div>\n\t\t","protected":false},"excerpt":{"rendered":"<p>\t\t\t\t<![CDATA[]]>\t\t<\/p>\n","protected":false},"author":3,"featured_media":2444,"parent":0,"menu_order":0,"comment_status":"closed","ping_status":"closed","template":"page-templates\/template-pagebuilder-full-width.php","meta":{"nf_dc_page":"","_eb_attr":"","om_disable_all_campaigns":false,"_monsterinsights_skip_tracking":false,"_monsterinsights_sitenote_active":false,"_monsterinsights_sitenote_note":"","_monsterinsights_sitenote_category":0,"neve_meta_sidebar":"","neve_meta_container":"","neve_meta_enable_content_width":"off","neve_meta_content_width":0,"neve_meta_title_alignment":"","neve_meta_author_avatar":"","neve_post_elements_order":"","neve_meta_disable_header":"","neve_meta_disable_footer":"","neve_meta_disable_title":"","neve_meta_reading_time":"","h5ap_radio_sources":[],"footnotes":""},"class_list":["post-2453","page","type-page","status-publish","has-post-thumbnail","hentry"],"aioseo_notices":[],"jetpack_sharing_enabled":true,"_links":{"self":[{"href":"https:\/\/cantaroinstitute.org\/es\/wp-json\/wp\/v2\/pages\/2453","targetHints":{"allow":["GET"]}}],"collection":[{"href":"https:\/\/cantaroinstitute.org\/es\/wp-json\/wp\/v2\/pages"}],"about":[{"href":"https:\/\/cantaroinstitute.org\/es\/wp-json\/wp\/v2\/types\/page"}],"author":[{"embeddable":true,"href":"https:\/\/cantaroinstitute.org\/es\/wp-json\/wp\/v2\/users\/3"}],"replies":[{"embeddable":true,"href":"https:\/\/cantaroinstitute.org\/es\/wp-json\/wp\/v2\/comments?post=2453"}],"version-history":[{"count":5,"href":"https:\/\/cantaroinstitute.org\/es\/wp-json\/wp\/v2\/pages\/2453\/revisions"}],"predecessor-version":[{"id":5184,"href":"https:\/\/cantaroinstitute.org\/es\/wp-json\/wp\/v2\/pages\/2453\/revisions\/5184"}],"wp:featuredmedia":[{"embeddable":true,"href":"https:\/\/cantaroinstitute.org\/es\/wp-json\/"}],"wp:attachment":[{"href":"https:\/\/cantaroinstitute.org\/es\/wp-json\/wp\/v2\/media?parent=2453"}],"curies":[{"name":"wp","href":"https:\/\/api.w.org\/{rel}","templated":true}]}}