{"id":15,"date":"2019-05-19T03:18:00","date_gmt":"2019-05-19T03:18:00","guid":{"rendered":"https:\/\/cantaroinstitute.org\/es\/?page_id=15"},"modified":"2023-06-29T20:55:42","modified_gmt":"2023-06-29T20:55:42","slug":"mission-vision","status":"publish","type":"page","link":"https:\/\/cantaroinstitute.org\/es\/about-1\/mission-vision\/","title":{"rendered":"Misi\u00f3n y Visi\u00f3n"},"content":{"rendered":"\t\t<div data-elementor-type=\"wp-post\" data-elementor-id=\"15\" class=\"elementor elementor-15\">\n\t\t\t\t\t\t<section class=\"elementor-section elementor-top-section elementor-element elementor-element-76f3cd6 elementor-section-boxed elementor-section-height-default elementor-section-height-default\" data-id=\"76f3cd6\" data-element_type=\"section\" data-e-type=\"section\">\n\t\t\t\t\t\t<div class=\"elementor-container elementor-column-gap-default\">\n\t\t\t\t\t<div class=\"elementor-column elementor-col-100 elementor-top-column elementor-element elementor-element-34e9f4d\" data-id=\"34e9f4d\" data-element_type=\"column\" data-e-type=\"column\">\n\t\t\t<div class=\"elementor-widget-wrap elementor-element-populated\">\n\t\t\t\t\t\t<div class=\"elementor-element elementor-element-7705226 elementor-widget elementor-widget-image\" data-id=\"7705226\" data-element_type=\"widget\" data-e-type=\"widget\" data-widget_type=\"image.default\">\n\t\t\t\t<div class=\"elementor-widget-container\">\n\t\t\t\t\t\t\t\t\t\t\t\t\t\t\t<img fetchpriority=\"high\" decoding=\"async\" width=\"2560\" height=\"375\" src=\"https:\/\/i0.wp.com\/cantaroinstitute.org\/es\/wp-content\/uploads\/2020\/08\/Page-Headers-scaled.jpg?fit=2560%2C375&amp;ssl=1\" class=\"attachment-full size-full wp-image-3304\" alt=\"\" srcset=\"https:\/\/i0.wp.com\/cantaroinstitute.org\/es\/wp-content\/uploads\/2020\/08\/Page-Headers-scaled.jpg?w=2560&amp;ssl=1 2560w, https:\/\/i0.wp.com\/cantaroinstitute.org\/es\/wp-content\/uploads\/2020\/08\/Page-Headers-scaled.jpg?resize=300%2C44&amp;ssl=1 300w, https:\/\/i0.wp.com\/cantaroinstitute.org\/es\/wp-content\/uploads\/2020\/08\/Page-Headers-scaled.jpg?resize=1024%2C150&amp;ssl=1 1024w, https:\/\/i0.wp.com\/cantaroinstitute.org\/es\/wp-content\/uploads\/2020\/08\/Page-Headers-scaled.jpg?resize=768%2C112&amp;ssl=1 768w, https:\/\/i0.wp.com\/cantaroinstitute.org\/es\/wp-content\/uploads\/2020\/08\/Page-Headers-scaled.jpg?resize=1536%2C225&amp;ssl=1 1536w, https:\/\/i0.wp.com\/cantaroinstitute.org\/es\/wp-content\/uploads\/2020\/08\/Page-Headers-scaled.jpg?resize=2048%2C300&amp;ssl=1 2048w, https:\/\/i0.wp.com\/cantaroinstitute.org\/es\/wp-content\/uploads\/2020\/08\/Page-Headers-scaled.jpg?w=2400&amp;ssl=1 2400w\" sizes=\"(max-width: 1200px) 100vw, 1200px\" \/>\t\t\t\t\t\t\t\t\t\t\t\t\t\t\t<\/div>\n\t\t\t\t<\/div>\n\t\t\t\t\t<\/div>\n\t\t<\/div>\n\t\t\t\t\t<\/div>\n\t\t<\/section>\n\t\t\t\t<section class=\"elementor-section elementor-top-section elementor-element elementor-element-1f1036ef elementor-section-boxed elementor-section-height-default elementor-section-height-default\" data-id=\"1f1036ef\" data-element_type=\"section\" data-e-type=\"section\">\n\t\t\t\t\t\t<div class=\"elementor-container elementor-column-gap-default\">\n\t\t\t\t\t<div class=\"elementor-column elementor-col-100 elementor-top-column elementor-element elementor-element-57ac6683\" data-id=\"57ac6683\" data-element_type=\"column\" data-e-type=\"column\">\n\t\t\t<div class=\"elementor-widget-wrap elementor-element-populated\">\n\t\t\t\t\t\t<div class=\"elementor-element elementor-element-959f51c elementor-widget elementor-widget-heading\" data-id=\"959f51c\" data-element_type=\"widget\" data-e-type=\"widget\" data-widget_type=\"heading.default\">\n\t\t\t\t<div class=\"elementor-widget-container\">\n\t\t\t\t\t<h3 class=\"elementor-heading-title elementor-size-default\">Nuestra Misi\u00f3n<\/h3>\t\t\t\t<\/div>\n\t\t\t\t<\/div>\n\t\t\t\t<section class=\"elementor-section elementor-inner-section elementor-element elementor-element-377b085 elementor-section-boxed elementor-section-height-default elementor-section-height-default\" data-id=\"377b085\" data-element_type=\"section\" data-e-type=\"section\">\n\t\t\t\t\t\t<div class=\"elementor-container elementor-column-gap-default\">\n\t\t\t\t\t<div class=\"elementor-column elementor-col-50 elementor-inner-column elementor-element elementor-element-e1f9b33\" data-id=\"e1f9b33\" data-element_type=\"column\" data-e-type=\"column\">\n\t\t\t<div class=\"elementor-widget-wrap elementor-element-populated\">\n\t\t\t\t\t\t<div class=\"elementor-element elementor-element-d860cac elementor-widget elementor-widget-image\" data-id=\"d860cac\" data-element_type=\"widget\" data-e-type=\"widget\" data-widget_type=\"image.default\">\n\t\t\t\t<div class=\"elementor-widget-container\">\n\t\t\t\t\t\t\t\t\t\t\t\t\t\t\t<img decoding=\"async\" width=\"1024\" height=\"737\" src=\"https:\/\/i0.wp.com\/cantaroinstitute.org\/es\/wp-content\/uploads\/2023\/05\/Untitled-design-8.png?fit=1024%2C737&amp;ssl=1\" class=\"attachment-large size-large wp-image-5003\" alt=\"\" srcset=\"https:\/\/i0.wp.com\/cantaroinstitute.org\/es\/wp-content\/uploads\/2023\/05\/Untitled-design-8.png?w=1500&amp;ssl=1 1500w, https:\/\/i0.wp.com\/cantaroinstitute.org\/es\/wp-content\/uploads\/2023\/05\/Untitled-design-8.png?resize=300%2C216&amp;ssl=1 300w, https:\/\/i0.wp.com\/cantaroinstitute.org\/es\/wp-content\/uploads\/2023\/05\/Untitled-design-8.png?resize=1024%2C737&amp;ssl=1 1024w, https:\/\/i0.wp.com\/cantaroinstitute.org\/es\/wp-content\/uploads\/2023\/05\/Untitled-design-8.png?resize=768%2C553&amp;ssl=1 768w\" sizes=\"(max-width: 1024px) 100vw, 1024px\" \/>\t\t\t\t\t\t\t\t\t\t\t\t\t\t\t<\/div>\n\t\t\t\t<\/div>\n\t\t\t\t\t<\/div>\n\t\t<\/div>\n\t\t\t\t<div class=\"elementor-column elementor-col-50 elementor-inner-column elementor-element elementor-element-34d9efc\" data-id=\"34d9efc\" data-element_type=\"column\" data-e-type=\"column\">\n\t\t\t<div class=\"elementor-widget-wrap elementor-element-populated\">\n\t\t\t\t\t\t<div class=\"elementor-element elementor-element-5f44f6de elementor-widget elementor-widget-text-editor\" data-id=\"5f44f6de\" data-element_type=\"widget\" data-e-type=\"widget\" data-widget_type=\"text-editor.default\">\n\t\t\t\t<div class=\"elementor-widget-container\">\n\t\t\t\t\t\t\t\t\t<p>Buscamos recuperar las riquezas del protestantismo espa\u00f1ol para la renovaci\u00f3n y edificaci\u00f3n de la Iglesia contempor\u00e1nea y promover la filosof\u00eda cristiana de la vida para la reforma religiosa del Occidente y el mundo iberoam\u00e9ricano.<\/p><p><!-- \/wp:paragraph --><\/p>\t\t\t\t\t\t\t\t<\/div>\n\t\t\t\t<\/div>\n\t\t\t\t\t<\/div>\n\t\t<\/div>\n\t\t\t\t\t<\/div>\n\t\t<\/section>\n\t\t\t\t\t<\/div>\n\t\t<\/div>\n\t\t\t\t\t<\/div>\n\t\t<\/section>\n\t\t\t\t<section class=\"elementor-section elementor-top-section elementor-element elementor-element-e0c7106 elementor-section-boxed elementor-section-height-default elementor-section-height-default\" data-id=\"e0c7106\" data-element_type=\"section\" data-e-type=\"section\">\n\t\t\t\t\t\t<div class=\"elementor-container elementor-column-gap-default\">\n\t\t\t\t\t<div class=\"elementor-column elementor-col-100 elementor-top-column elementor-element elementor-element-3640485\" data-id=\"3640485\" data-element_type=\"column\" data-e-type=\"column\">\n\t\t\t<div class=\"elementor-widget-wrap elementor-element-populated\">\n\t\t\t\t\t\t<div class=\"elementor-element elementor-element-e26b9f6 elementor-widget elementor-widget-heading\" data-id=\"e26b9f6\" data-element_type=\"widget\" data-e-type=\"widget\" data-widget_type=\"heading.default\">\n\t\t\t\t<div class=\"elementor-widget-container\">\n\t\t\t\t\t<h3 class=\"elementor-heading-title elementor-size-default\">Nuestra Visi\u00f3n<\/h3>\t\t\t\t<\/div>\n\t\t\t\t<\/div>\n\t\t\t\t<section class=\"elementor-section elementor-inner-section elementor-element elementor-element-084feea elementor-section-boxed elementor-section-height-default elementor-section-height-default\" data-id=\"084feea\" data-element_type=\"section\" data-e-type=\"section\">\n\t\t\t\t\t\t<div class=\"elementor-container elementor-column-gap-default\">\n\t\t\t\t\t<div class=\"elementor-column elementor-col-50 elementor-inner-column elementor-element elementor-element-f43cc8c\" data-id=\"f43cc8c\" data-element_type=\"column\" data-e-type=\"column\">\n\t\t\t<div class=\"elementor-widget-wrap elementor-element-populated\">\n\t\t\t\t\t\t<div class=\"elementor-element elementor-element-189be5c elementor-widget elementor-widget-image\" data-id=\"189be5c\" data-element_type=\"widget\" data-e-type=\"widget\" data-widget_type=\"image.default\">\n\t\t\t\t<div class=\"elementor-widget-container\">\n\t\t\t\t\t\t\t\t\t\t\t\t\t\t\t<img decoding=\"async\" width=\"1024\" height=\"737\" src=\"https:\/\/i0.wp.com\/cantaroinstitute.org\/es\/wp-content\/uploads\/2023\/05\/Untitled-design-9.png?fit=1024%2C737&amp;ssl=1\" class=\"attachment-large size-large wp-image-5004\" alt=\"\" srcset=\"https:\/\/i0.wp.com\/cantaroinstitute.org\/es\/wp-content\/uploads\/2023\/05\/Untitled-design-9.png?w=1500&amp;ssl=1 1500w, https:\/\/i0.wp.com\/cantaroinstitute.org\/es\/wp-content\/uploads\/2023\/05\/Untitled-design-9.png?resize=300%2C216&amp;ssl=1 300w, https:\/\/i0.wp.com\/cantaroinstitute.org\/es\/wp-content\/uploads\/2023\/05\/Untitled-design-9.png?resize=1024%2C737&amp;ssl=1 1024w, https:\/\/i0.wp.com\/cantaroinstitute.org\/es\/wp-content\/uploads\/2023\/05\/Untitled-design-9.png?resize=768%2C553&amp;ssl=1 768w\" sizes=\"(max-width: 1024px) 100vw, 1024px\" \/>\t\t\t\t\t\t\t\t\t\t\t\t\t\t\t<\/div>\n\t\t\t\t<\/div>\n\t\t\t\t\t<\/div>\n\t\t<\/div>\n\t\t\t\t<div class=\"elementor-column elementor-col-50 elementor-inner-column elementor-element elementor-element-ec6d940\" data-id=\"ec6d940\" data-element_type=\"column\" data-e-type=\"column\">\n\t\t\t<div class=\"elementor-widget-wrap elementor-element-populated\">\n\t\t\t\t\t\t<div class=\"elementor-element elementor-element-445dfd8 elementor-widget elementor-widget-text-editor\" data-id=\"445dfd8\" data-element_type=\"widget\" data-e-type=\"widget\" data-widget_type=\"text-editor.default\">\n\t\t\t\t<div class=\"elementor-widget-container\">\n\t\t\t\t\t\t\t\t\t<p>El C\u00e1ntaro Institute cree que a medida que la Iglesia cristiana regresa a la fuente de las Escrituras como su \u00faltima autoridad para todo conocimiento y vida, y sabiamente aplica la verdad de Dios a cada aspecto de la vida, fiel en esp\u00edritu a los reformadores, su actividad misiol\u00f3gica resultar\u00e1 no solo en la renovaci\u00f3n del ser\u00a0 humano, sino tambi\u00e9n en la reforma de la cultura, un resultado inevitable cuando la verdadera amplitud y naturaleza del evangelio es expuesta y aplicada.<\/p>\t\t\t\t\t\t\t\t<\/div>\n\t\t\t\t<\/div>\n\t\t\t\t\t<\/div>\n\t\t<\/div>\n\t\t\t\t\t<\/div>\n\t\t<\/section>\n\t\t\t\t\t<\/div>\n\t\t<\/div>\n\t\t\t\t\t<\/div>\n\t\t<\/section>\n\t\t\t\t<\/div>\n\t\t","protected":false},"excerpt":{"rendered":"<p>\t\t\t\t<![CDATA[]]>\t\t<\/p>\n","protected":false},"author":3,"featured_media":2406,"parent":2453,"menu_order":0,"comment_status":"closed","ping_status":"closed","template":"page-templates\/template-pagebuilder-full-width.php","meta":{"nf_dc_page":"","_eb_attr":"","om_disable_all_campaigns":false,"_monsterinsights_skip_tracking":false,"_monsterinsights_sitenote_active":false,"_monsterinsights_sitenote_note":"","_monsterinsights_sitenote_category":0,"neve_meta_sidebar":"","neve_meta_container":"","neve_meta_enable_content_width":"off","neve_meta_content_width":0,"neve_meta_title_alignment":"","neve_meta_author_avatar":"","neve_post_elements_order":"","neve_meta_disable_header":"","neve_meta_disable_footer":"","neve_meta_disable_title":"","neve_meta_reading_time":"","h5ap_radio_sources":[],"footnotes":""},"class_list":["post-15","page","type-page","status-publish","has-post-thumbnail","hentry"],"aioseo_notices":[],"jetpack_sharing_enabled":true,"_links":{"self":[{"href":"https:\/\/cantaroinstitute.org\/es\/wp-json\/wp\/v2\/pages\/15","targetHints":{"allow":["GET"]}}],"collection":[{"href":"https:\/\/cantaroinstitute.org\/es\/wp-json\/wp\/v2\/pages"}],"about":[{"href":"https:\/\/cantaroinstitute.org\/es\/wp-json\/wp\/v2\/types\/page"}],"author":[{"embeddable":true,"href":"https:\/\/cantaroinstitute.org\/es\/wp-json\/wp\/v2\/users\/3"}],"replies":[{"embeddable":true,"href":"https:\/\/cantaroinstitute.org\/es\/wp-json\/wp\/v2\/comments?post=15"}],"version-history":[{"count":5,"href":"https:\/\/cantaroinstitute.org\/es\/wp-json\/wp\/v2\/pages\/15\/revisions"}],"predecessor-version":[{"id":5177,"href":"https:\/\/cantaroinstitute.org\/es\/wp-json\/wp\/v2\/pages\/15\/revisions\/5177"}],"up":[{"embeddable":true,"href":"https:\/\/cantaroinstitute.org\/es\/wp-json\/wp\/v2\/pages\/2453"}],"wp:featuredmedia":[{"embeddable":true,"href":"https:\/\/cantaroinstitute.org\/es\/wp-json\/"}],"wp:attachment":[{"href":"https:\/\/cantaroinstitute.org\/es\/wp-json\/wp\/v2\/media?parent=15"}],"curies":[{"name":"wp","href":"https:\/\/api.w.org\/{rel}","templated":true}]}}